{"id":413,"date":"2025-01-16T11:42:56","date_gmt":"2025-01-16T10:42:56","guid":{"rendered":"https:\/\/elcoll.dev-ws.com\/avis-legal\/"},"modified":"2025-02-25T10:48:55","modified_gmt":"2025-02-25T09:48:55","slug":"avis-legal","status":"publish","type":"page","link":"https:\/\/elcoll.dev-ws.com\/ca\/avis-legal\/","title":{"rendered":"Av\u00eds Legal"},"content":{"rendered":"\n<h2 class=\"wp-block-heading\">1. Objecte<\/h2>\n\n<p>Aquest av\u00eds legal regula l&#8217;\u00fas i la utilitzaci\u00f3 del lloc web elcollbar.com, del qual \u00e9s titular HOTEL &amp; SPA LA COLLADA SL (d&#8217;ara endavant, LA COLLADA HOTEL).<\/p>\n\n<p>La navegaci\u00f3 pel lloc web de LA COLLADA HOTEL li atribueix la condici\u00f3 d&#8217;USUARI del mateix i comporta la seva acceptaci\u00f3 plena i sense reserves de totes i cadascuna de les condicions publicades en aquest av\u00eds legal, advertint que aquestes condicions podran ser modificades sense notificaci\u00f3 pr\u00e8via per part de LA COLLADA HOTEL, cas en qu\u00e8 es procedir\u00e0 a la seva publicaci\u00f3 i av\u00eds amb la m\u00e0xima.<\/p>\n\n<p>Per aix\u00f2 \u00e9s recomanable llegir-ne atentament el contingut en cas de desitjar accedir i fer \u00fas de la informaci\u00f3 i dels serveis oferts des d&#8217;aquest lloc web.<\/p>\n\n<p>L&#8217;usuari a m\u00e9s, s&#8217;obliga a fer un \u00fas correcte del lloc web de conformitat amb les lleis, la bona fe, l&#8217;ordre p\u00fablic, els usos del tr\u00e0nsit i el present Av\u00eds Legal, i respondr\u00e0 davant de LA COLLADA HOTEL o davant de tercers, de qualssevol danys i perjudicis que es puguin causar com a conseq\u00fc\u00e8ncia de l&#8217;incompliment d&#8217;aquesta obligaci\u00f3.<\/p>\n\n<p>Qualsevol utilitzaci\u00f3 diferent de l&#8217;autoritzada est\u00e0 expressament prohibida, i LA COLLADA HOTEL pot denegar o retirar l&#8217;acc\u00e9s i el seu \u00fas en qualsevol moment.<\/p>\n\n<h2 class=\"wp-block-heading\">2. Identificaci\u00f3<\/h2>\n\n<p>LA COLLADA HOTEL, en compliment de la Llei 34\/2002, d&#8217;11 de juliol, de Serveis de la Societat de la Informaci\u00f3 i de Comer\u00e7 Electr\u00f2nic, us informa que:<\/p>\n\n<ul class=\"wp-block-list\">\n<li>La seva denominaci\u00f3 social \u00e9s: HOTEL &amp; SPA LA COLLADA SL.<\/li>\n\n\n\n<li>El seu nom comercial \u00e9s: LA COLLADA HOTEL.<\/li>\n\n\n\n<li>El seu CIF \u00e9s: B66860974.<\/li>\n\n\n\n<li>El seu domicili social \u00e9s a: CARRETERA NACIONAL 260, KM 155 \u2013 17537 TOSES- LA MOLINA \u2013 BARCELONA (ESPANYA).<\/li>\n\n\n\n<li>Est\u00e0 inscrita al Registre Mercantil de BARCELONA T45578, F172, S8, HB 492475, I\/A 4.<\/li>\n<\/ul>\n\n<h2 class=\"wp-block-heading\">3. Comunicacions<\/h2>\n\n<p>Per comunicar-se amb nosaltres, posem a la vostra disposici\u00f3 diferents mitjans de contacte que detallem a continuaci\u00f3:<\/p>\n\n<ul class=\"wp-block-list\">\n<li>Tfno: 972892100.<\/li>\n\n\n\n<li>Email: hello@lacolladahotel.com.<\/li>\n<\/ul>\n\n<p>Totes les notificacions i comunicacions entre els usuaris i LA COLLADA HOTEL es consideraran eficaces, amb car\u00e0cter general, quan es realitzin a trav\u00e9s de qualsevol mitj\u00e0 dels detallats anteriorment.<\/p>\n\n<h2 class=\"wp-block-heading\">4. Condicions d&#8217;acc\u00e9s i utilitzaci\u00f3<\/h2>\n\n<p>El lloc web i els seus serveis s\u00f3n lliures i gratu\u00efts. No obstant aix\u00f2, LA COLLADA HOTEL pot condicionar la utilitzaci\u00f3 d&#8217;alguns dels serveis oferts a la seva web a l&#8217;emplenament previ del corresponent formulari. <\/p>\n\n<p>L&#8217;usuari garanteix l&#8217;autenticitat i l&#8217;actualitat de totes aquelles dades que comuniqui a LA COLLADA HOTEL i ser\u00e0 l&#8217;\u00fanic responsable de les manifestacions falses o inexactes que faci.<\/p>\n\n<p>L&#8217;usuari es compromet expressament a fer un \u00fas adequat dels continguts i serveis de LA COLLADA HOTEL ia no emprar-los per, entre d&#8217;altres:<\/p>\n\n<p><strong>a)<\/strong> Difondre continguts delictius, violents, pornogr\u00e0fics, racistes, xen\u00f2fobs, ofensius, d&#8217;apologia del terrorisme o, en general, contraris a la llei o ordre p\u00fablic.<br\/><strong>b)<\/strong> Introduir a la xarxa virus inform\u00e0tics o realitzar actuacions susceptibles d&#8217;alterar, fer malb\u00e9, interrompre o generar errors o danys en els documents electr\u00f2nics, dades o sistemes f\u00edsics i l\u00f2gics de LA COLLADA HOTEL o de terceres persones; aix\u00ed com obstaculitzar lacc\u00e9s daltres usuaris al lloc web i als seus serveis mitjan\u00e7ant el consum massiu dels recursos inform\u00e0tics a trav\u00e9s dels quals LA COLLADA HOTEL presta els seus serveis.<br\/><strong>c)<\/strong> Intentar accedir als comptes de correu electr\u00f2nic d&#8217;altres usuaris oa \u00e0rees restringides dels sistemes inform\u00e0tics de LA COLLADA HOTEL o de tercers i, si escau, extreure&#8217;n informaci\u00f3.<br\/><strong>d)<\/strong> Vulnerar els drets de propietat intel\u00b7lectual o industrial, aix\u00ed com violar la confidencialitat de la informaci\u00f3 de LA COLLADA HOTEL o de tercers.<br\/><strong>e)<\/strong> Suplantar la identitat de qualsevol altre usuari.<br\/><strong>f)<\/strong> Reproduir, copiar, distribuir, posar a disposici\u00f3 de, o qualsevol altra forma de comunicaci\u00f3 p\u00fablica, transformar o modificar els continguts, llevat que es compti amb l&#8217;autoritzaci\u00f3 del titular dels drets corresponents o aix\u00f2 resulti legalment perm\u00e8s.<br\/><strong>g)<\/strong> Demanar dades amb finalitat publicit\u00e0ria i de remetre publicitat de qualsevol classe i comunicacions amb fins de venda o altres de naturalesa comercial sense que intervingui la seva pr\u00e8via sol\u00b7licitud o consentiment.<\/p>\n\n<p>Tots els continguts del lloc web, com ara textos, fotografies, gr\u00e0fics, imatges, icones, tecnologia, programari, aix\u00ed com el seu disseny gr\u00e0fic i codis font, constitueixen una obra la propietat de la qual pertany a LA COLLADA HOTEL, sense que puguin entendre&#8217;s cedits a l&#8217;usuari cap dels drets d&#8217;explotaci\u00f3 sobre aquests m\u00e9s enll\u00e0 de l&#8217;estrictament necessari per al correcte \u00fas de la web.<\/p>\n\n<p>En definitiva, els usuaris que accedeixin a aquest lloc web poden visualitzar els continguts i efectuar, si escau, c\u00f2pies privades autoritzades sempre que els elements reprodu\u00efts no siguin cedits posteriorment a tercers, ni s&#8217;instal\u00b7lin a servidors connectats a xarxes, ni siguin objecte de cap mena d&#8217;explotaci\u00f3.<\/p>\n\n<p>Aix\u00ed mateix, totes les marques, noms comercials o signes distintius de qualsevol classe que apareixen al lloc web s\u00f3n propietat de LA COLLADA HOTEL, sense que es pugui entendre que l&#8217;\u00fas o acc\u00e9s a aquest atribueixi a l&#8217;usuari cap dret sobre aquests.<\/p>\n\n<p>La distribuci\u00f3, modificaci\u00f3, cessi\u00f3 o comunicaci\u00f3 p\u00fablica dels continguts i qualsevol altre acte que no hagi estat expressament autoritzat pel titular dels drets dexplotaci\u00f3 queden prohibits.<\/p>\n\n<p>L&#8217;establiment d&#8217;un hiperenlla\u00e7 no implica en cap cas l&#8217;exist\u00e8ncia de relacions entre LA COLLADA HOTEL i el propietari del lloc web on s&#8217;estableixi, ni l&#8217;acceptaci\u00f3 i l&#8217;aprovaci\u00f3 per part de LA COLLADA HOTEL dels seus continguts o serveis.<br\/> LA COLLADA HOTEL no es responsabilitza de l&#8217;\u00fas que cada usuari doni als materials posats a disposici\u00f3 en aquest lloc web ni de les actuacions que realitzi sobre la base d&#8217;aquests.<\/p>\n\n<h4 class=\"wp-block-heading\">4.1. EXCLUSI\u00d3 DE GARANTIES I DE RESPONSABILITAT EN L&#8217;ACC\u00c9S I LA UTILITZACI\u00d3<\/h4>\n\n<p>El contingut del present lloc web \u00e9s de car\u00e0cter general i t\u00e9 una finalitat merament informativa, sense que se&#8217;n garanteixi plenament l&#8217;acc\u00e9s a tots els continguts, ni la seva exhaustivitat, correcci\u00f3, vig\u00e8ncia o actualitat, ni la seva idone\u00eftat o utilitat per a un objectiu espec\u00edfic.<\/p>\n\n<p>LA COLLADA HOTEL exclou, fins on permet l&#8217;ordenament jur\u00eddic, qualsevol responsabilitat pels danys i perjudicis de tota naturalesa derivats de:<\/p>\n\n<p><strong>a)<\/strong> La impossibilitat d&#8217;acc\u00e9s al lloc web o la manca de veracitat, exactitud, exhaustivitat i\/o actualitat dels continguts, aix\u00ed com l&#8217;exist\u00e8ncia de vicis i defectes de tota mena dels continguts transmesos, difosos, emmagatzemats, posats a disposici\u00f3, als quals s&#8217;hagi accedit a trav\u00e9s del lloc web o dels serveis que s&#8217;hi ofereixen.<br\/><strong>b)<\/strong> La pres\u00e8ncia de virus o d&#8217;altres elements en els continguts que puguin produir alteracions als sistemes inform\u00e0tics, documents electr\u00f2nics o dades dels usuaris.<br\/><strong>c)<\/strong> L&#8217;incompliment de les lleis, la bona fe, l&#8217;ordre p\u00fablic, els usos del tr\u00e0nsit i aquest av\u00eds legal com a conseq\u00fc\u00e8ncia de l&#8217;\u00fas incorrecte del lloc web. En particular, ia manera exemplificativa, LA COLLADA HOTEL no es fa responsable de les actuacions de tercers que vulnerin drets de propietat intel\u00b7lectual i industrial, secrets empresarials, drets a l&#8217;honor, a la intimitat personal i familiar ia la pr\u00f2pia imatge, aix\u00ed com la normativa en mat\u00e8ria de compet\u00e8ncia deslleial i publicitat il\u00b7l\u00edcita. <\/p>\n\n<p>Aix\u00ed mateix, LA COLLADA HOTEL declina qualsevol responsabilitat respecte a la informaci\u00f3 que estigui fora d&#8217;aquesta web i no sigui gestionada directament pel nostre webmaster. La funci\u00f3 dels links que apareixen en aquesta web \u00e9s exclusivament informar l&#8217;usuari sobre l&#8217;exist\u00e8ncia d&#8217;altres fonts susceptibles d&#8217;ampliar els continguts que ofereix aquest lloc web. LA COLLADA HOTEL no garanteix ni es responsabilitza del funcionament o accessibilitat dels llocs enlla\u00e7ats; ni suggereix, convida o recomana la visita a aquests, per la qual cosa tampoc ser\u00e0 responsable del resultat obtingut. LA COLLADA HOTEL no es responsabilitza de l&#8217;establiment d&#8217;hipervincles per part de tercers.   <\/p>\n\n<h4 class=\"wp-block-heading\">4.2 PROCEDIMENT EN CAS DE REALITZACI\u00d3 D&#8217;ACTIVITATS DE CAR\u00c0CTER IL\u00b7L\u00cdCIT<\/h4>\n\n<p>En el cas que qualsevol usuari o un tercer consideri que hi ha fets o circumst\u00e0ncies que revelin el car\u00e0cter il\u00b7l\u00edcit de la utilitzaci\u00f3 de qualsevol contingut i\/o de la realitzaci\u00f3 de qualsevol activitat a les p\u00e0gines web incloses o accessibles a trav\u00e9s del lloc web, haur\u00e0 d&#8217;enviar una notificaci\u00f3 a LA COLLADA HOTEL identificant-se degudament i especificant les suposades infraccions.<\/p>\n\n<h4 class=\"wp-block-heading\">4.3 PUBLICACIONS<\/h4>\n\n<p>La informaci\u00f3 administrativa facilitada a trav\u00e9s del lloc web no substitueix la publicitat legal de les lleis, normatives, plans, disposicions generals i actes que hagin de ser publicats formalment als diaris oficials de les administracions p\u00fabliques, que constitueixen l\u00fanic instrument que d\u00f3na fe de la seva autenticitat i contingut. La informaci\u00f3 disponible en aquest lloc web ha d&#8217;entendre&#8217;s com una guia sense prop\u00f2sit de validesa legal.<\/p>\n\n<p><\/p>\n","protected":false},"excerpt":{"rendered":"<p>1. Objecte Aquest av\u00eds legal regula l&#8217;\u00fas i la utilitzaci\u00f3 del lloc web elcollbar.com, del qual \u00e9s titular HOTEL &amp; SPA LA COLLADA SL (d&#8217;ara endavant, LA COLLADA HOTEL). La navegaci\u00f3 pel lloc web de LA COLLADA HOTEL li atribueix la condici\u00f3 d&#8217;USUARI del mateix i comporta la seva acceptaci\u00f3 plena i sense reserves de [&hellip;]<\/p>\n","protected":false},"author":1,"featured_media":0,"parent":0,"menu_order":0,"comment_status":"closed","ping_status":"closed","template":"","meta":{"_acf_changed":false,"_seopress_robots_primary_cat":"","_seopress_titles_title":"","_seopress_titles_desc":"","_seopress_robots_index":"","footnotes":""},"class_list":["post-413","page","type-page","status-publish","hentry"],"acf":[],"_links":{"self":[{"href":"https:\/\/elcoll.dev-ws.com\/ca\/wp-json\/wp\/v2\/pages\/413","targetHints":{"allow":["GET"]}}],"collection":[{"href":"https:\/\/elcoll.dev-ws.com\/ca\/wp-json\/wp\/v2\/pages"}],"about":[{"href":"https:\/\/elcoll.dev-ws.com\/ca\/wp-json\/wp\/v2\/types\/page"}],"author":[{"embeddable":true,"href":"https:\/\/elcoll.dev-ws.com\/ca\/wp-json\/wp\/v2\/users\/1"}],"replies":[{"embeddable":true,"href":"https:\/\/elcoll.dev-ws.com\/ca\/wp-json\/wp\/v2\/comments?post=413"}],"version-history":[{"count":3,"href":"https:\/\/elcoll.dev-ws.com\/ca\/wp-json\/wp\/v2\/pages\/413\/revisions"}],"predecessor-version":[{"id":495,"href":"https:\/\/elcoll.dev-ws.com\/ca\/wp-json\/wp\/v2\/pages\/413\/revisions\/495"}],"wp:attachment":[{"href":"https:\/\/elcoll.dev-ws.com\/ca\/wp-json\/wp\/v2\/media?parent=413"}],"curies":[{"name":"wp","href":"https:\/\/api.w.org\/{rel}","templated":true}]}}